{"id":1418,"date":"2022-07-01T10:32:33","date_gmt":"2022-07-01T08:32:33","guid":{"rendered":"https:\/\/charlesantonin.com\/?page_id=1418"},"modified":"2022-10-18T11:50:55","modified_gmt":"2022-10-18T09:50:55","slug":"mentions-legales","status":"publish","type":"page","link":"https:\/\/charlesantonin.com\/index.php\/mentions-legales\/","title":{"rendered":"Mentions L\u00e9gales"},"content":{"rendered":"\t\t<div data-elementor-type=\"wp-page\" data-elementor-id=\"1418\" class=\"elementor elementor-1418\">\n\t\t\t\t\t\t<section class=\"elementor-section elementor-top-section elementor-element elementor-element-e1822e7 elementor-section-boxed elementor-section-height-default elementor-section-height-default\" data-id=\"e1822e7\" data-element_type=\"section\" data-e-type=\"section\" data-settings=\"{&quot;background_background&quot;:&quot;classic&quot;}\">\n\t\t\t\t\t\t\t<div class=\"elementor-background-overlay\"><\/div>\n\t\t\t\t\t\t\t<div class=\"elementor-container elementor-column-gap-default\">\n\t\t\t\t\t<div class=\"elementor-column elementor-col-100 elementor-top-column elementor-element elementor-element-2c2a802\" data-id=\"2c2a802\" data-element_type=\"column\" data-e-type=\"column\">\n\t\t\t<div class=\"elementor-widget-wrap elementor-element-populated\">\n\t\t\t\t\t\t<div class=\"elementor-element elementor-element-9b6b538 elementor-widget elementor-widget-spacer\" data-id=\"9b6b538\" data-element_type=\"widget\" data-e-type=\"widget\" data-widget_type=\"spacer.default\">\n\t\t\t\t<div class=\"elementor-widget-container\">\n\t\t\t\t\t\t\t<div class=\"elementor-spacer\">\n\t\t\t<div class=\"elementor-spacer-inner\"><\/div>\n\t\t<\/div>\n\t\t\t\t\t\t<\/div>\n\t\t\t\t<\/div>\n\t\t\t\t\t<\/div>\n\t\t<\/div>\n\t\t\t\t\t<\/div>\n\t\t<\/section>\n\t\t\t\t<section class=\"elementor-section elementor-top-section elementor-element elementor-element-e8d4626 elementor-section-boxed elementor-section-height-default elementor-section-height-default\" data-id=\"e8d4626\" data-element_type=\"section\" data-e-type=\"section\">\n\t\t\t\t\t\t<div class=\"elementor-container elementor-column-gap-default\">\n\t\t\t\t\t<div class=\"elementor-column elementor-col-100 elementor-top-column elementor-element elementor-element-24f804f\" data-id=\"24f804f\" data-element_type=\"column\" data-e-type=\"column\">\n\t\t\t<div class=\"elementor-widget-wrap elementor-element-populated\">\n\t\t\t\t\t\t<div class=\"elementor-element elementor-element-937b38b elementor-widget elementor-widget-heading\" data-id=\"937b38b\" data-element_type=\"widget\" data-e-type=\"widget\" data-widget_type=\"heading.default\">\n\t\t\t\t<div class=\"elementor-widget-container\">\n\t\t\t\t\t<h2 class=\"elementor-heading-title elementor-size-default\">Les mentions l\u00e9gales<\/h2>\t\t\t\t<\/div>\n\t\t\t\t<\/div>\n\t\t\t\t\t<\/div>\n\t\t<\/div>\n\t\t\t\t\t<\/div>\n\t\t<\/section>\n\t\t\t\t<section class=\"elementor-section elementor-top-section elementor-element elementor-element-7ad01b8 elementor-section-boxed elementor-section-height-default elementor-section-height-default\" data-id=\"7ad01b8\" data-element_type=\"section\" data-e-type=\"section\" data-settings=\"{&quot;background_background&quot;:&quot;classic&quot;}\">\n\t\t\t\t\t\t<div class=\"elementor-container elementor-column-gap-default\">\n\t\t\t\t\t<div class=\"elementor-column elementor-col-100 elementor-top-column elementor-element elementor-element-e624ea0\" data-id=\"e624ea0\" data-element_type=\"column\" data-e-type=\"column\">\n\t\t\t<div class=\"elementor-widget-wrap elementor-element-populated\">\n\t\t\t\t\t\t<div class=\"elementor-element elementor-element-57812d9 elementor-widget elementor-widget-text-editor\" data-id=\"57812d9\" data-element_type=\"widget\" data-e-type=\"widget\" data-widget_type=\"text-editor.default\">\n\t\t\t\t<div class=\"elementor-widget-container\">\n\t\t\t\t\t\t\t\t\t<p>Ce site Internet est \u00e9dit\u00e9 sous la direction de Charles Antonin situ\u00e9 au \u00ab20 bis rue Godefroy Lyon 6 \u00bb<\/p><p>Directeur de publication :\u00a0<span style=\"font-family: Roboto, sans-serif; font-size: 14px; font-style: normal; font-variant-ligatures: normal; font-variant-caps: normal; font-weight: 400;\">\u00a0Charles Antonin\u00a0<\/span><br \/>T\u00e9l. 04.78.62.00.49 |\u00a0<br \/>R\u00e9alisation technique<\/p><p>JwellWeb<br \/>69890 La tour de Salvagny<br \/>T\u00e9l\u00e9phone : 06.18.56.27.76<br \/>Site : https:\/\/jwellweb.com<br \/>Cr\u00e9dit \u00e0 l\u2019image<\/p><p>Freepik<br \/>H\u00e9bergement<\/p><p>Traitement des donn\u00e9es personnelles<\/p><p>Les donn\u00e9es personnelles ne font office d\u2019aucun stockage par le site Internet. L\u2019ensemble des donn\u00e9es envoy\u00e9es via les formulaires sont transmises aux diff\u00e9rents organismes qui sont engag\u00e9s au respect des donn\u00e9es personnelles et dans le traitement de votre demande. Conform\u00e9ment \u00e0 la mise en planification du r\u00e8glement europ\u00e9en sur les donn\u00e9es personnelles, vous pouvez faire une demande via le formulaire contact pour demander la suppression de vos donn\u00e9es personnelles.<\/p><p>Droit d\u2019auteur<\/p><p>Toutes les marques, photographies, textes, commentaires, illustrations, images anim\u00e9es ou non, s\u00e9quences vid\u00e9o, sons, ainsi que toutes les applications informatiques, qui pourraient \u00eatre utilis\u00e9es pour faire fonctionner ce site et plus g\u00e9n\u00e9ralement tous les \u00e9l\u00e9ments reproduits ou utilis\u00e9s sur le site sont prot\u00e9g\u00e9es par les lois en vigueur au titre de la propri\u00e9t\u00e9 intellectuelle. Ils sont la propri\u00e9t\u00e9 pleine et enti\u00e8re de l\u2019\u00e9diteur ou de ses partenaires. Les reproductions de tout ou partie de ce site sur un support papier ou \u00e9lectronique ne sont autoris\u00e9es que pour un usage personnel et priv\u00e9 conforme aux dispositions du code de la Propri\u00e9t\u00e9 Intellectuelle. Ces reproductions devront mentionner de fa\u00e7on claire et lisible la source et l\u2019auteur du site. En aucun cas, ces reproductions ne sauraient porter pr\u00e9judice aux auteurs. Les photographies, textes, logos, pictogrammes ainsi que toutes \u0153uvres intellectuelles de ce site sont la propri\u00e9t\u00e9 de Charles Antonin, Freepik ou de tiers l\u2019ayant autoris\u00e9 \u00e0 les utiliser. Merci d\u2019adresser votre demande via le formulaire contact pour \u00eatre autoris\u00e9 \u00e0 utiliser le contenu du site Internet.<\/p><p>Liens vers des sites tiers<\/p><p>Des liens hypertextes peuvent figurer sur le site Internet de Charles Antonin et conduire vers d\u2019autres services ou sites Internet, y compris des partenaires de\u00a0<span style=\"font-family: Roboto, sans-serif; font-size: 14px; font-style: normal; font-variant-ligatures: normal; font-variant-caps: normal; font-weight: 400;\">Charles Antonin<\/span>. Dans la mesure o\u00f9\u00a0<span style=\"font-family: Roboto, sans-serif; font-size: 14px; font-style: normal; font-variant-ligatures: normal; font-variant-caps: normal; font-weight: 400;\">Charles Antonin\u00a0<\/span>ne peut contr\u00f4ler le contenu de ces services ou sites Internet, les utilisateurs reconnaissent que\u00a0<span style=\"font-family: Roboto, sans-serif; font-size: 14px; font-style: normal; font-variant-ligatures: normal; font-variant-caps: normal; font-weight: 400;\">Charles Antonin<\/span>\u00a0ne peut \u00eatre tenu responsable notamment des produits, services, informations disponibles sur et\/ou \u00e0 partir de ces services ou sites Internet. Toute information accessible via un lien vers d\u2019autres sites n\u2019est pas sous le contr\u00f4le de\u00a0<span style=\"font-family: Roboto, sans-serif; font-size: 14px; font-style: normal; font-variant-ligatures: normal; font-variant-caps: normal; font-weight: 400;\">Charles Antonin\u00a0<\/span>qui d\u00e9cline toute responsabilit\u00e9 quant \u00e0 leur contenu.\u00a0<span style=\"font-family: Roboto, sans-serif; font-size: 14px; font-style: normal; font-variant-ligatures: normal; font-variant-caps: normal; font-weight: 400;\">Charles Antonin\u00a0<\/span>est libre de modifier la liste de ses partenaires \u00e0 tout moment.<\/p><p>Responsabilit\u00e9<\/p><p><span style=\"font-family: Roboto, sans-serif; font-size: 14px; font-style: normal; font-variant-ligatures: normal; font-variant-caps: normal; font-weight: 400; color: var( --e-global-color-text ); text-align: var(--bs-body-text-align);\">Charles Antonin<\/span> ne peut \u00eatre tenu responsable de tout dommage direct ou indirect issu d\u2019une interruption, d\u2019un dysfonctionnement quel qu\u2019il soit, d\u2019une suspension de l\u2019acc\u00e8s \u00e0 ces liens hypertextes \u2013 et ce, pour quelque raison que ce soit, ou encore de tout dommage direct ou indirect qui r\u00e9sulterait d\u2019une quelconque fa\u00e7on que ce soit, de la connexion \u00e0 ces derniers.<\/p><p><span style=\"font-family: Roboto, sans-serif; font-size: 14px; font-style: normal; font-variant-ligatures: normal; font-variant-caps: normal; font-weight: 400; color: var( --e-global-color-text ); text-align: var(--bs-body-text-align);\">Charles Antonin<\/span>\u00a0s\u2019efforce d\u2019assurer, au mieux, la pr\u00e9cision et l\u2019exactitude des informations disponibles sur ce site. Mais cela n\u2019exclut pas la pr\u00e9sence d\u2019erreurs typographiques ou d\u2019autres inexactitudes. Toute erreur ou toute information incorrecte rencontr\u00e9e sur le site ne peut \u00eatre qu\u2019accidentelle.\u00a0<span style=\"font-family: Roboto, sans-serif; font-size: 14px; font-style: normal; font-variant-ligatures: normal; font-variant-caps: normal; font-weight: 400;\">Charles Antonin<\/span>\u00a0se r\u00e9serve le droit de modifier ces erreurs \u00e0 toute heure et sans notification pr\u00e9alable.<\/p><p>\u00c9tablissement de liens entrants<\/p><p><span style=\"font-family: Roboto, sans-serif; font-size: 14px; font-style: normal; font-variant-ligatures: normal; font-variant-caps: normal; font-weight: 400; color: var( --e-global-color-text ); text-align: var(--bs-body-text-align);\">Charles Antonin<\/span>\u00a0autorise la mise en place d\u2019un lien hypertexte pour tous les sites \u00e0 l\u2019exclusion de ceux diffusant des informations \u00e0 caract\u00e8re pol\u00e9mique, pornographique, x\u00e9nophobe ou pouvant porter atteinte \u00e0 la sensibilit\u00e9 du plus grand nombre. Sauf autorisation sp\u00e9cifique, le lien \u00e9tabli doit appara\u00eetre dans une nouvelle fen\u00eatre et les pages du site https:\/\/c<span style=\"font-family: Roboto, sans-serif; font-size: 14px; font-style: normal; font-variant-ligatures: normal; font-variant-caps: normal; font-weight: 400;\">harlesantonin.com<\/span> ne doivent en aucun cas \u00eatre int\u00e9gr\u00e9es \u00e0 l\u2019int\u00e9rieur des pages d\u2019un autre site<\/p>\t\t\t\t\t\t\t\t<\/div>\n\t\t\t\t<\/div>\n\t\t\t\t<div class=\"elementor-element elementor-element-06b9331 elementor-widget elementor-widget-mg_dual_button_widget\" data-id=\"06b9331\" data-element_type=\"widget\" data-e-type=\"widget\" data-widget_type=\"mg_dual_button_widget.default\">\n\t\t\t\t<div class=\"elementor-widget-container\">\n\t\t\t\t\t\r\n\r\n        <div class=\"mg-db-btn mg-dbtn-main style-one\">\r\n                                <div class=\"mg-dual-btn-one\">\r\n                <a class=\"mg-dual-btn mg-dual-btn1\" href=\"#\">\r\n                                        <span>HAUT DE PAGE<\/span>\r\n                                            <span class=\"right\"><i class=\"fas fa-long-arrow-alt-up\"><\/i><\/span>\r\n                                    <\/a>\r\n\r\n                            <\/div>\r\n                                <div class=\"mg-dual-btn-one\">\r\n                <a class=\"mg-dual-btn mg-dual-btn2\" href=\"https:\/\/charlesantonin.com\/\">\r\n                                        <span>DOMAINE<\/span>\r\n                                            <span class=\"right\"><i class=\"fas fa-th-large\"><\/i><\/span>\r\n                                    <\/a>\r\n\r\n                            <\/div>\r\n                    <\/div>\r\n\r\n\r\n\r\n    \t\t\t\t<\/div>\n\t\t\t\t<\/div>\n\t\t\t\t\t<\/div>\n\t\t<\/div>\n\t\t\t\t\t<\/div>\n\t\t<\/section>\n\t\t\t\t<\/div>\n\t\t","protected":false},"excerpt":{"rendered":"<p>Les mentions l\u00e9gales Ce site Internet est \u00e9dit\u00e9 sous la direction de Charles Antonin situ\u00e9 au \u00ab20 bis rue Godefroy Lyon 6 \u00bb Directeur de publication :\u00a0\u00a0Charles Antonin\u00a0T\u00e9l. 04.78.62.00.49 |\u00a0R\u00e9alisation technique JwellWeb69890 La tour de SalvagnyT\u00e9l\u00e9phone : 06.18.56.27.76Site : https:\/\/jwellweb.comCr\u00e9dit \u00e0 l\u2019image FreepikH\u00e9bergement Traitement des donn\u00e9es personnelles Les donn\u00e9es personnelles ne font office d\u2019aucun stockage [&hellip;]<\/p>\n","protected":false},"author":1,"featured_media":0,"parent":0,"menu_order":0,"comment_status":"closed","ping_status":"closed","template":"elementor_canvas","meta":{"footnotes":""},"class_list":["post-1418","page","type-page","status-publish","hentry","entry"],"yoast_head":"<!-- This site is optimized with the Yoast SEO plugin v27.5 - https:\/\/yoast.com\/product\/yoast-seo-wordpress\/ -->\n<title>Mentions L\u00e9gales - Charles Antonin<\/title>\n<meta name=\"description\" content=\"Vous trouverez ici toutes les mentions l\u00e9gales et informations concernant le site du domaine de Charles Antonin en bourgogne.\" \/>\n<meta name=\"robots\" content=\"index, follow, max-snippet:-1, max-image-preview:large, max-video-preview:-1\" \/>\n<link rel=\"canonical\" href=\"https:\/\/charlesantonin.com\/index.php\/mentions-legales\/\" \/>\n<meta property=\"og:locale\" content=\"fr_FR\" \/>\n<meta property=\"og:type\" content=\"article\" \/>\n<meta property=\"og:title\" content=\"Mentions L\u00e9gales - Charles Antonin\" \/>\n<meta property=\"og:description\" content=\"Vous trouverez ici toutes les mentions l\u00e9gales et informations concernant le site du domaine de Charles Antonin en bourgogne.\" \/>\n<meta property=\"og:url\" content=\"https:\/\/charlesantonin.com\/index.php\/mentions-legales\/\" \/>\n<meta property=\"og:site_name\" content=\"Charles Antonin\" \/>\n<meta property=\"article:modified_time\" content=\"2022-10-18T09:50:55+00:00\" \/>\n<meta name=\"twitter:card\" content=\"summary_large_image\" \/>\n<meta name=\"twitter:label1\" content=\"Dur\u00e9e de lecture estim\u00e9e\" \/>\n\t<meta name=\"twitter:data1\" content=\"4 minutes\" \/>\n<script type=\"application\/ld+json\" class=\"yoast-schema-graph\">{\"@context\":\"https:\\\/\\\/schema.org\",\"@graph\":[{\"@type\":\"WebPage\",\"@id\":\"https:\\\/\\\/charlesantonin.com\\\/index.php\\\/mentions-legales\\\/\",\"url\":\"https:\\\/\\\/charlesantonin.com\\\/index.php\\\/mentions-legales\\\/\",\"name\":\"Mentions L\u00e9gales - Charles Antonin\",\"isPartOf\":{\"@id\":\"https:\\\/\\\/charlesantonin.com\\\/#website\"},\"datePublished\":\"2022-07-01T08:32:33+00:00\",\"dateModified\":\"2022-10-18T09:50:55+00:00\",\"description\":\"Vous trouverez ici toutes les mentions l\u00e9gales et informations concernant le site du domaine de Charles Antonin en bourgogne.\",\"breadcrumb\":{\"@id\":\"https:\\\/\\\/charlesantonin.com\\\/index.php\\\/mentions-legales\\\/#breadcrumb\"},\"inLanguage\":\"fr-FR\",\"potentialAction\":[{\"@type\":\"ReadAction\",\"target\":[\"https:\\\/\\\/charlesantonin.com\\\/index.php\\\/mentions-legales\\\/\"]}]},{\"@type\":\"BreadcrumbList\",\"@id\":\"https:\\\/\\\/charlesantonin.com\\\/index.php\\\/mentions-legales\\\/#breadcrumb\",\"itemListElement\":[{\"@type\":\"ListItem\",\"position\":1,\"name\":\"Accueil\",\"item\":\"https:\\\/\\\/charlesantonin.com\\\/\"},{\"@type\":\"ListItem\",\"position\":2,\"name\":\"Mentions L\u00e9gales\"}]},{\"@type\":\"WebSite\",\"@id\":\"https:\\\/\\\/charlesantonin.com\\\/#website\",\"url\":\"https:\\\/\\\/charlesantonin.com\\\/\",\"name\":\"Charles Antonin\",\"description\":\"La bourgogne passionn\u00e9ment de p\u00e8re en fils\",\"publisher\":{\"@id\":\"https:\\\/\\\/charlesantonin.com\\\/#organization\"},\"potentialAction\":[{\"@type\":\"SearchAction\",\"target\":{\"@type\":\"EntryPoint\",\"urlTemplate\":\"https:\\\/\\\/charlesantonin.com\\\/?s={search_term_string}\"},\"query-input\":{\"@type\":\"PropertyValueSpecification\",\"valueRequired\":true,\"valueName\":\"search_term_string\"}}],\"inLanguage\":\"fr-FR\"},{\"@type\":\"Organization\",\"@id\":\"https:\\\/\\\/charlesantonin.com\\\/#organization\",\"name\":\"Charles Antonin\",\"url\":\"https:\\\/\\\/charlesantonin.com\\\/\",\"logo\":{\"@type\":\"ImageObject\",\"inLanguage\":\"fr-FR\",\"@id\":\"https:\\\/\\\/charlesantonin.com\\\/#\\\/schema\\\/logo\\\/image\\\/\",\"url\":\"https:\\\/\\\/charlesantonin.com\\\/wp-content\\\/uploads\\\/2022\\\/06\\\/LOGO.png\",\"contentUrl\":\"https:\\\/\\\/charlesantonin.com\\\/wp-content\\\/uploads\\\/2022\\\/06\\\/LOGO.png\",\"width\":450,\"height\":264,\"caption\":\"Charles Antonin\"},\"image\":{\"@id\":\"https:\\\/\\\/charlesantonin.com\\\/#\\\/schema\\\/logo\\\/image\\\/\"}}]}<\/script>\n<!-- \/ Yoast SEO plugin. -->","yoast_head_json":{"title":"Mentions L\u00e9gales - Charles Antonin","description":"Vous trouverez ici toutes les mentions l\u00e9gales et informations concernant le site du domaine de Charles Antonin en bourgogne.","robots":{"index":"index","follow":"follow","max-snippet":"max-snippet:-1","max-image-preview":"max-image-preview:large","max-video-preview":"max-video-preview:-1"},"canonical":"https:\/\/charlesantonin.com\/index.php\/mentions-legales\/","og_locale":"fr_FR","og_type":"article","og_title":"Mentions L\u00e9gales - Charles Antonin","og_description":"Vous trouverez ici toutes les mentions l\u00e9gales et informations concernant le site du domaine de Charles Antonin en bourgogne.","og_url":"https:\/\/charlesantonin.com\/index.php\/mentions-legales\/","og_site_name":"Charles Antonin","article_modified_time":"2022-10-18T09:50:55+00:00","twitter_card":"summary_large_image","twitter_misc":{"Dur\u00e9e de lecture estim\u00e9e":"4 minutes"},"schema":{"@context":"https:\/\/schema.org","@graph":[{"@type":"WebPage","@id":"https:\/\/charlesantonin.com\/index.php\/mentions-legales\/","url":"https:\/\/charlesantonin.com\/index.php\/mentions-legales\/","name":"Mentions L\u00e9gales - Charles Antonin","isPartOf":{"@id":"https:\/\/charlesantonin.com\/#website"},"datePublished":"2022-07-01T08:32:33+00:00","dateModified":"2022-10-18T09:50:55+00:00","description":"Vous trouverez ici toutes les mentions l\u00e9gales et informations concernant le site du domaine de Charles Antonin en bourgogne.","breadcrumb":{"@id":"https:\/\/charlesantonin.com\/index.php\/mentions-legales\/#breadcrumb"},"inLanguage":"fr-FR","potentialAction":[{"@type":"ReadAction","target":["https:\/\/charlesantonin.com\/index.php\/mentions-legales\/"]}]},{"@type":"BreadcrumbList","@id":"https:\/\/charlesantonin.com\/index.php\/mentions-legales\/#breadcrumb","itemListElement":[{"@type":"ListItem","position":1,"name":"Accueil","item":"https:\/\/charlesantonin.com\/"},{"@type":"ListItem","position":2,"name":"Mentions L\u00e9gales"}]},{"@type":"WebSite","@id":"https:\/\/charlesantonin.com\/#website","url":"https:\/\/charlesantonin.com\/","name":"Charles Antonin","description":"La bourgogne passionn\u00e9ment de p\u00e8re en fils","publisher":{"@id":"https:\/\/charlesantonin.com\/#organization"},"potentialAction":[{"@type":"SearchAction","target":{"@type":"EntryPoint","urlTemplate":"https:\/\/charlesantonin.com\/?s={search_term_string}"},"query-input":{"@type":"PropertyValueSpecification","valueRequired":true,"valueName":"search_term_string"}}],"inLanguage":"fr-FR"},{"@type":"Organization","@id":"https:\/\/charlesantonin.com\/#organization","name":"Charles Antonin","url":"https:\/\/charlesantonin.com\/","logo":{"@type":"ImageObject","inLanguage":"fr-FR","@id":"https:\/\/charlesantonin.com\/#\/schema\/logo\/image\/","url":"https:\/\/charlesantonin.com\/wp-content\/uploads\/2022\/06\/LOGO.png","contentUrl":"https:\/\/charlesantonin.com\/wp-content\/uploads\/2022\/06\/LOGO.png","width":450,"height":264,"caption":"Charles Antonin"},"image":{"@id":"https:\/\/charlesantonin.com\/#\/schema\/logo\/image\/"}}]}},"_links":{"self":[{"href":"https:\/\/charlesantonin.com\/index.php\/wp-json\/wp\/v2\/pages\/1418","targetHints":{"allow":["GET"]}}],"collection":[{"href":"https:\/\/charlesantonin.com\/index.php\/wp-json\/wp\/v2\/pages"}],"about":[{"href":"https:\/\/charlesantonin.com\/index.php\/wp-json\/wp\/v2\/types\/page"}],"author":[{"embeddable":true,"href":"https:\/\/charlesantonin.com\/index.php\/wp-json\/wp\/v2\/users\/1"}],"replies":[{"embeddable":true,"href":"https:\/\/charlesantonin.com\/index.php\/wp-json\/wp\/v2\/comments?post=1418"}],"version-history":[{"count":59,"href":"https:\/\/charlesantonin.com\/index.php\/wp-json\/wp\/v2\/pages\/1418\/revisions"}],"predecessor-version":[{"id":4294,"href":"https:\/\/charlesantonin.com\/index.php\/wp-json\/wp\/v2\/pages\/1418\/revisions\/4294"}],"wp:attachment":[{"href":"https:\/\/charlesantonin.com\/index.php\/wp-json\/wp\/v2\/media?parent=1418"}],"curies":[{"name":"wp","href":"https:\/\/api.w.org\/{rel}","templated":true}]}}