{"id":1489,"date":"2022-07-01T11:09:46","date_gmt":"2022-07-01T09:09:46","guid":{"rendered":"https:\/\/charlesantonin.com\/?page_id=1489"},"modified":"2022-10-18T11:51:34","modified_gmt":"2022-10-18T09:51:34","slug":"politique-de-confidentialite-2","status":"publish","type":"page","link":"https:\/\/charlesantonin.com\/index.php\/politique-de-confidentialite-2\/","title":{"rendered":"Politique de confidentialit\u00e9"},"content":{"rendered":"\t\t<div data-elementor-type=\"wp-page\" data-elementor-id=\"1489\" class=\"elementor elementor-1489\">\n\t\t\t\t\t\t<section class=\"elementor-section elementor-top-section elementor-element elementor-element-7e6314c elementor-section-boxed elementor-section-height-default elementor-section-height-default\" data-id=\"7e6314c\" data-element_type=\"section\" data-e-type=\"section\" data-settings=\"{&quot;background_background&quot;:&quot;classic&quot;}\">\n\t\t\t\t\t\t\t<div class=\"elementor-background-overlay\"><\/div>\n\t\t\t\t\t\t\t<div class=\"elementor-container elementor-column-gap-default\">\n\t\t\t\t\t<div class=\"elementor-column elementor-col-100 elementor-top-column elementor-element elementor-element-5360564\" data-id=\"5360564\" data-element_type=\"column\" data-e-type=\"column\">\n\t\t\t<div class=\"elementor-widget-wrap elementor-element-populated\">\n\t\t\t\t\t\t<div class=\"elementor-element elementor-element-62f6ad8 elementor-widget elementor-widget-spacer\" data-id=\"62f6ad8\" data-element_type=\"widget\" data-e-type=\"widget\" data-widget_type=\"spacer.default\">\n\t\t\t\t<div class=\"elementor-widget-container\">\n\t\t\t\t\t\t\t<div class=\"elementor-spacer\">\n\t\t\t<div class=\"elementor-spacer-inner\"><\/div>\n\t\t<\/div>\n\t\t\t\t\t\t<\/div>\n\t\t\t\t<\/div>\n\t\t\t\t\t<\/div>\n\t\t<\/div>\n\t\t\t\t\t<\/div>\n\t\t<\/section>\n\t\t\t\t<section class=\"elementor-section elementor-top-section elementor-element elementor-element-f77f274 elementor-section-boxed elementor-section-height-default elementor-section-height-default\" data-id=\"f77f274\" data-element_type=\"section\" data-e-type=\"section\">\n\t\t\t\t\t\t<div class=\"elementor-container elementor-column-gap-default\">\n\t\t\t\t\t<div class=\"elementor-column elementor-col-100 elementor-top-column elementor-element elementor-element-9e2d22f\" data-id=\"9e2d22f\" data-element_type=\"column\" data-e-type=\"column\">\n\t\t\t<div class=\"elementor-widget-wrap elementor-element-populated\">\n\t\t\t\t\t\t<div class=\"elementor-element elementor-element-12f2e6e elementor-widget elementor-widget-heading\" data-id=\"12f2e6e\" data-element_type=\"widget\" data-e-type=\"widget\" data-widget_type=\"heading.default\">\n\t\t\t\t<div class=\"elementor-widget-container\">\n\t\t\t\t\t<h2 class=\"elementor-heading-title elementor-size-default\">Politique de confidentialit\u00e9<\/h2>\t\t\t\t<\/div>\n\t\t\t\t<\/div>\n\t\t\t\t\t<\/div>\n\t\t<\/div>\n\t\t\t\t\t<\/div>\n\t\t<\/section>\n\t\t\t\t<section class=\"elementor-section elementor-top-section elementor-element elementor-element-532854b elementor-section-boxed elementor-section-height-default elementor-section-height-default\" data-id=\"532854b\" data-element_type=\"section\" data-e-type=\"section\" data-settings=\"{&quot;background_background&quot;:&quot;classic&quot;}\">\n\t\t\t\t\t\t<div class=\"elementor-container elementor-column-gap-default\">\n\t\t\t\t\t<div class=\"elementor-column elementor-col-100 elementor-top-column elementor-element elementor-element-e602d64\" data-id=\"e602d64\" data-element_type=\"column\" data-e-type=\"column\">\n\t\t\t<div class=\"elementor-widget-wrap elementor-element-populated\">\n\t\t\t\t\t\t<div class=\"elementor-element elementor-element-58b7341 elementor-widget elementor-widget-text-editor\" data-id=\"58b7341\" data-element_type=\"widget\" data-e-type=\"widget\" data-widget_type=\"text-editor.default\">\n\t\t\t\t<div class=\"elementor-widget-container\">\n\t\t\t\t\t\t\t\t\t<p>Qui sommes-nous ?<\/p>\n<p>L\u2019adresse de notre site Web est : https:\/\/charlesantonin.com.<\/p>\n<p>H\u00e9bergement :<\/p>\n<p>Hostinger<\/p>\n<p>Hostinger International Ltd.<br>61 rue Lordou Vironos, 6023<br>Informatique et libert\u00e9<\/p>\n<p>Aucune information personnelle n\u2019est collect\u00e9e \u00e0 votre insu. Les informations que vous nous communiquez lors d\u2019une demande de devis, de renseignements par courrier, par t\u00e9l\u00e9phone, par e-mail ou par formulaire sont uniquement destin\u00e9es au traitement administratif et commercial de votre demande par notre agence.<\/p>\n<p>Elles ne font l\u2019objet d\u2019aucune cession \u00e0 des tiers. Charles Antonin traite les informations qui vous concernent avec la plus grande confidentialit\u00e9.<\/p>\n<p>Conform\u00e9ment \u00e0 la loi \u00ab Informatique et Libert\u00e9s \u00bb n\u00b078-17 du 6 janvier 1978, vous disposez d\u2019un droit d\u2019acc\u00e8s, de rectification et d\u2019opposition aux donn\u00e9es personnelles vous concernant. Pour l\u2019exercer, il suffit de nous en faire la demande par \u00e9crit aux coordonn\u00e9es suivantes :&nbsp;<span style=\"font-family: Roboto, sans-serif; font-size: 14px; font-style: normal; font-variant-ligatures: normal; font-variant-caps: normal; font-weight: 400;\">Charles Antonin<\/span>, 20 bis rue Godefroy, Lyon 6, FRANCE.<br>Droit d\u2019auteur \/ copyright<\/p>\n<p>L\u2019ensemble du contenu du pr\u00e9sent site Internet, y compris nom de domaine, marques, logo, texte\u2026 est la propri\u00e9t\u00e9 de Charles Antonin, il est prot\u00e9g\u00e9 par les lois en vigueur de la l\u00e9gislation fran\u00e7aise sur la propri\u00e9t\u00e9 intellectuelle.<\/p>\n<p>Aucun \u00e9l\u00e9ment de ce site ne peut \u00eatre copi\u00e9, reproduit, d\u00e9tourn\u00e9 ou d\u00e9natur\u00e9, et ce, sur quelque support que ce soit, sans constituer un acte de contrefa\u00e7on au sens des articles L 335-2 et suivants du code de la propri\u00e9t\u00e9 intellectuelle.<\/p><p><br>Acc\u00e8s au site<\/p>\n<p>L\u2019utilisateur de ce site reconna\u00eet disposer de la comp\u00e9tence et des moyens n\u00e9cessaires pour acc\u00e9der et utiliser ce site. Charles Antonin ne saurait \u00eatre tenu responsable des \u00e9l\u00e9ments en dehors de son contr\u00f4le et des dommages qui pourraient \u00e9ventuellement \u00eatre subis par l\u2019environnement technique de l\u2019utilisateur et notamment, ses ordinateurs, logiciels, \u00e9quipements r\u00e9seaux et tout autre mat\u00e9riel utilis\u00e9 pour acc\u00e9der ou utiliser le service et\/ou les informations.<\/p>\n<p>Il est rappel\u00e9 que le fait d\u2019acc\u00e9der ou de se maintenir frauduleusement dans un syst\u00e8me informatique, d\u2019entraver ou de fausser le fonctionnement d\u2019un tel syst\u00e8me, d\u2019introduire ou de modifier frauduleusement des donn\u00e9es dans un syst\u00e8me informatique constitue des d\u00e9lits passibles de sanctions p\u00e9nales.<br>Limitation de responsabilit\u00e9<\/p>\n<p>Charles Antonin s\u2019attache \u00e0 transmettre des informations r\u00e9guli\u00e8rement mises \u00e0 jour, notamment sur les actualit\u00e9s ainsi que sur le contenu des articles. Toutefois des informations erron\u00e9es ou des omissions peuvent \u00eatre constat\u00e9es, suite notamment \u00e0 des erreurs de saisie ou de mise en page. Si vous en faisiez le constat nous vous invitons \u00e0 nous le signaler pour que nous puissions proc\u00e9der \u00e0 leur rectification.<\/p>\n<p>Nous nous r\u00e9servons par ailleurs le droit de modifier les informations ou les \u00e9ventuelles offres commerciales fournies par le pr\u00e9sent site, dans le cadre de nos op\u00e9rations d\u2019actualisation et de mise \u00e0 jour des donn\u00e9es, et ce sans pr\u00e9avis.<\/p>\n<p>Les liens hypertextes mis en \u0153uvre au sein du pr\u00e9sent site Internet, en direction d\u2019autres sites et\/ou de pages personnelles et d\u2019une mani\u00e8re g\u00e9n\u00e9rale vers toutes ressources existantes sur Internet, ne sauraient engager la responsabilit\u00e9 de Charles Antonin.<br>De m\u00eame que l\u2019agence Charles Antonin ne pourra en aucune fa\u00e7on \u00eatre tenue pour responsable des sites ayant un lien hypertexte avec le pr\u00e9sent site et d\u00e9cline toute responsabilit\u00e9 quant \u00e0 leur contenu et \u00e0 leur utilisation.<\/p>\t\t\t\t\t\t\t\t<\/div>\n\t\t\t\t<\/div>\n\t\t\t\t<div class=\"elementor-element elementor-element-8477b9a elementor-widget elementor-widget-mg_dual_button_widget\" data-id=\"8477b9a\" data-element_type=\"widget\" data-e-type=\"widget\" data-widget_type=\"mg_dual_button_widget.default\">\n\t\t\t\t<div class=\"elementor-widget-container\">\n\t\t\t\t\t\r\n\r\n        <div class=\"mg-db-btn mg-dbtn-main style-one\">\r\n                                <div class=\"mg-dual-btn-one\">\r\n                <a class=\"mg-dual-btn mg-dual-btn1\" href=\"#\">\r\n                                        <span>HAUT DE PAGE<\/span>\r\n                                            <span class=\"right\"><i class=\"fas fa-long-arrow-alt-up\"><\/i><\/span>\r\n                                    <\/a>\r\n\r\n                            <\/div>\r\n                                <div class=\"mg-dual-btn-one\">\r\n                <a class=\"mg-dual-btn mg-dual-btn2\" href=\"https:\/\/charlesantonin.com\/\">\r\n                                        <span>DOMAINE<\/span>\r\n                                            <span class=\"right\"><i class=\"fas fa-th-large\"><\/i><\/span>\r\n                                    <\/a>\r\n\r\n                            <\/div>\r\n                    <\/div>\r\n\r\n\r\n\r\n    \t\t\t\t<\/div>\n\t\t\t\t<\/div>\n\t\t\t\t\t<\/div>\n\t\t<\/div>\n\t\t\t\t\t<\/div>\n\t\t<\/section>\n\t\t\t\t<\/div>\n\t\t","protected":false},"excerpt":{"rendered":"<p>Politique de confidentialit\u00e9 Qui sommes-nous ? L\u2019adresse de notre site Web est : https:\/\/charlesantonin.com. H\u00e9bergement : Hostinger Hostinger International Ltd.61 rue Lordou Vironos, 6023Informatique et libert\u00e9 Aucune information personnelle n\u2019est collect\u00e9e \u00e0 votre insu. Les informations que vous nous communiquez lors d\u2019une demande de devis, de renseignements par courrier, par t\u00e9l\u00e9phone, par e-mail ou par [&hellip;]<\/p>\n","protected":false},"author":1,"featured_media":0,"parent":0,"menu_order":0,"comment_status":"closed","ping_status":"closed","template":"elementor_canvas","meta":{"footnotes":""},"class_list":["post-1489","page","type-page","status-publish","hentry","entry"],"yoast_head":"<!-- This site is optimized with the Yoast SEO plugin v27.6 - https:\/\/yoast.com\/product\/yoast-seo-wordpress\/ -->\n<title>Politique de confidentialit\u00e9 - Charles Antonin<\/title>\n<meta name=\"description\" content=\"Vous trouverez ci-joint la page des Politiques de confidentialit\u00e9 du site le Domaine de Charles Antonin, vigneron de p\u00e8re en fils.\" \/>\n<meta name=\"robots\" content=\"index, follow, max-snippet:-1, max-image-preview:large, max-video-preview:-1\" \/>\n<link rel=\"canonical\" href=\"https:\/\/charlesantonin.com\/index.php\/politique-de-confidentialite-2\/\" \/>\n<meta property=\"og:locale\" content=\"fr_FR\" \/>\n<meta property=\"og:type\" content=\"article\" \/>\n<meta property=\"og:title\" content=\"Politique de confidentialit\u00e9 - Charles Antonin\" \/>\n<meta property=\"og:description\" content=\"Vous trouverez ci-joint la page des Politiques de confidentialit\u00e9 du site le Domaine de Charles Antonin, vigneron de p\u00e8re en fils.\" \/>\n<meta property=\"og:url\" content=\"https:\/\/charlesantonin.com\/index.php\/politique-de-confidentialite-2\/\" \/>\n<meta property=\"og:site_name\" content=\"Charles Antonin\" \/>\n<meta property=\"article:modified_time\" content=\"2022-10-18T09:51:34+00:00\" \/>\n<meta name=\"twitter:card\" content=\"summary_large_image\" \/>\n<meta name=\"twitter:label1\" content=\"Dur\u00e9e de lecture estim\u00e9e\" \/>\n\t<meta name=\"twitter:data1\" content=\"3 minutes\" \/>\n<script type=\"application\/ld+json\" class=\"yoast-schema-graph\">{\"@context\":\"https:\\\/\\\/schema.org\",\"@graph\":[{\"@type\":\"WebPage\",\"@id\":\"https:\\\/\\\/charlesantonin.com\\\/index.php\\\/politique-de-confidentialite-2\\\/\",\"url\":\"https:\\\/\\\/charlesantonin.com\\\/index.php\\\/politique-de-confidentialite-2\\\/\",\"name\":\"Politique de confidentialit\u00e9 - Charles Antonin\",\"isPartOf\":{\"@id\":\"https:\\\/\\\/charlesantonin.com\\\/#website\"},\"datePublished\":\"2022-07-01T09:09:46+00:00\",\"dateModified\":\"2022-10-18T09:51:34+00:00\",\"description\":\"Vous trouverez ci-joint la page des Politiques de confidentialit\u00e9 du site le Domaine de Charles Antonin, vigneron de p\u00e8re en fils.\",\"breadcrumb\":{\"@id\":\"https:\\\/\\\/charlesantonin.com\\\/index.php\\\/politique-de-confidentialite-2\\\/#breadcrumb\"},\"inLanguage\":\"fr-FR\",\"potentialAction\":[{\"@type\":\"ReadAction\",\"target\":[\"https:\\\/\\\/charlesantonin.com\\\/index.php\\\/politique-de-confidentialite-2\\\/\"]}]},{\"@type\":\"BreadcrumbList\",\"@id\":\"https:\\\/\\\/charlesantonin.com\\\/index.php\\\/politique-de-confidentialite-2\\\/#breadcrumb\",\"itemListElement\":[{\"@type\":\"ListItem\",\"position\":1,\"name\":\"Accueil\",\"item\":\"https:\\\/\\\/charlesantonin.com\\\/\"},{\"@type\":\"ListItem\",\"position\":2,\"name\":\"Politique de confidentialit\u00e9\"}]},{\"@type\":\"WebSite\",\"@id\":\"https:\\\/\\\/charlesantonin.com\\\/#website\",\"url\":\"https:\\\/\\\/charlesantonin.com\\\/\",\"name\":\"Charles Antonin\",\"description\":\"La bourgogne passionn\u00e9ment de p\u00e8re en fils\",\"publisher\":{\"@id\":\"https:\\\/\\\/charlesantonin.com\\\/#organization\"},\"potentialAction\":[{\"@type\":\"SearchAction\",\"target\":{\"@type\":\"EntryPoint\",\"urlTemplate\":\"https:\\\/\\\/charlesantonin.com\\\/?s={search_term_string}\"},\"query-input\":{\"@type\":\"PropertyValueSpecification\",\"valueRequired\":true,\"valueName\":\"search_term_string\"}}],\"inLanguage\":\"fr-FR\"},{\"@type\":\"Organization\",\"@id\":\"https:\\\/\\\/charlesantonin.com\\\/#organization\",\"name\":\"Charles Antonin\",\"url\":\"https:\\\/\\\/charlesantonin.com\\\/\",\"logo\":{\"@type\":\"ImageObject\",\"inLanguage\":\"fr-FR\",\"@id\":\"https:\\\/\\\/charlesantonin.com\\\/#\\\/schema\\\/logo\\\/image\\\/\",\"url\":\"https:\\\/\\\/charlesantonin.com\\\/wp-content\\\/uploads\\\/2022\\\/06\\\/LOGO.png\",\"contentUrl\":\"https:\\\/\\\/charlesantonin.com\\\/wp-content\\\/uploads\\\/2022\\\/06\\\/LOGO.png\",\"width\":450,\"height\":264,\"caption\":\"Charles Antonin\"},\"image\":{\"@id\":\"https:\\\/\\\/charlesantonin.com\\\/#\\\/schema\\\/logo\\\/image\\\/\"}}]}<\/script>\n<!-- \/ Yoast SEO plugin. -->","yoast_head_json":{"title":"Politique de confidentialit\u00e9 - Charles Antonin","description":"Vous trouverez ci-joint la page des Politiques de confidentialit\u00e9 du site le Domaine de Charles Antonin, vigneron de p\u00e8re en fils.","robots":{"index":"index","follow":"follow","max-snippet":"max-snippet:-1","max-image-preview":"max-image-preview:large","max-video-preview":"max-video-preview:-1"},"canonical":"https:\/\/charlesantonin.com\/index.php\/politique-de-confidentialite-2\/","og_locale":"fr_FR","og_type":"article","og_title":"Politique de confidentialit\u00e9 - Charles Antonin","og_description":"Vous trouverez ci-joint la page des Politiques de confidentialit\u00e9 du site le Domaine de Charles Antonin, vigneron de p\u00e8re en fils.","og_url":"https:\/\/charlesantonin.com\/index.php\/politique-de-confidentialite-2\/","og_site_name":"Charles Antonin","article_modified_time":"2022-10-18T09:51:34+00:00","twitter_card":"summary_large_image","twitter_misc":{"Dur\u00e9e de lecture estim\u00e9e":"3 minutes"},"schema":{"@context":"https:\/\/schema.org","@graph":[{"@type":"WebPage","@id":"https:\/\/charlesantonin.com\/index.php\/politique-de-confidentialite-2\/","url":"https:\/\/charlesantonin.com\/index.php\/politique-de-confidentialite-2\/","name":"Politique de confidentialit\u00e9 - Charles Antonin","isPartOf":{"@id":"https:\/\/charlesantonin.com\/#website"},"datePublished":"2022-07-01T09:09:46+00:00","dateModified":"2022-10-18T09:51:34+00:00","description":"Vous trouverez ci-joint la page des Politiques de confidentialit\u00e9 du site le Domaine de Charles Antonin, vigneron de p\u00e8re en fils.","breadcrumb":{"@id":"https:\/\/charlesantonin.com\/index.php\/politique-de-confidentialite-2\/#breadcrumb"},"inLanguage":"fr-FR","potentialAction":[{"@type":"ReadAction","target":["https:\/\/charlesantonin.com\/index.php\/politique-de-confidentialite-2\/"]}]},{"@type":"BreadcrumbList","@id":"https:\/\/charlesantonin.com\/index.php\/politique-de-confidentialite-2\/#breadcrumb","itemListElement":[{"@type":"ListItem","position":1,"name":"Accueil","item":"https:\/\/charlesantonin.com\/"},{"@type":"ListItem","position":2,"name":"Politique de confidentialit\u00e9"}]},{"@type":"WebSite","@id":"https:\/\/charlesantonin.com\/#website","url":"https:\/\/charlesantonin.com\/","name":"Charles Antonin","description":"La bourgogne passionn\u00e9ment de p\u00e8re en fils","publisher":{"@id":"https:\/\/charlesantonin.com\/#organization"},"potentialAction":[{"@type":"SearchAction","target":{"@type":"EntryPoint","urlTemplate":"https:\/\/charlesantonin.com\/?s={search_term_string}"},"query-input":{"@type":"PropertyValueSpecification","valueRequired":true,"valueName":"search_term_string"}}],"inLanguage":"fr-FR"},{"@type":"Organization","@id":"https:\/\/charlesantonin.com\/#organization","name":"Charles Antonin","url":"https:\/\/charlesantonin.com\/","logo":{"@type":"ImageObject","inLanguage":"fr-FR","@id":"https:\/\/charlesantonin.com\/#\/schema\/logo\/image\/","url":"https:\/\/charlesantonin.com\/wp-content\/uploads\/2022\/06\/LOGO.png","contentUrl":"https:\/\/charlesantonin.com\/wp-content\/uploads\/2022\/06\/LOGO.png","width":450,"height":264,"caption":"Charles Antonin"},"image":{"@id":"https:\/\/charlesantonin.com\/#\/schema\/logo\/image\/"}}]}},"_links":{"self":[{"href":"https:\/\/charlesantonin.com\/index.php\/wp-json\/wp\/v2\/pages\/1489","targetHints":{"allow":["GET"]}}],"collection":[{"href":"https:\/\/charlesantonin.com\/index.php\/wp-json\/wp\/v2\/pages"}],"about":[{"href":"https:\/\/charlesantonin.com\/index.php\/wp-json\/wp\/v2\/types\/page"}],"author":[{"embeddable":true,"href":"https:\/\/charlesantonin.com\/index.php\/wp-json\/wp\/v2\/users\/1"}],"replies":[{"embeddable":true,"href":"https:\/\/charlesantonin.com\/index.php\/wp-json\/wp\/v2\/comments?post=1489"}],"version-history":[{"count":47,"href":"https:\/\/charlesantonin.com\/index.php\/wp-json\/wp\/v2\/pages\/1489\/revisions"}],"predecessor-version":[{"id":4295,"href":"https:\/\/charlesantonin.com\/index.php\/wp-json\/wp\/v2\/pages\/1489\/revisions\/4295"}],"wp:attachment":[{"href":"https:\/\/charlesantonin.com\/index.php\/wp-json\/wp\/v2\/media?parent=1489"}],"curies":[{"name":"wp","href":"https:\/\/api.w.org\/{rel}","templated":true}]}}